{"id":52,"date":"2023-09-16T15:17:01","date_gmt":"2023-09-16T13:17:01","guid":{"rendered":"http:\/\/domsenioramikolow.pl\/?page_id=52"},"modified":"2026-04-17T10:04:18","modified_gmt":"2026-04-17T08:04:18","slug":"kontakt","status":"publish","type":"page","link":"https:\/\/domsenioramikolow.pl\/?page_id=52","title":{"rendered":"KONTAKT"},"content":{"rendered":"\t\t<div data-elementor-type=\"wp-page\" data-elementor-id=\"52\" class=\"elementor elementor-52\">\n\t\t\t\t<div class=\"elementor-element elementor-element-a9d18ad e-con-full e-flex e-con e-parent\" data-id=\"a9d18ad\" data-element_type=\"container\" data-e-type=\"container\">\n\t\t\t\t<div class=\"elementor-element elementor-element-597eed9 elementor-widget__width-auto elementor-widget elementor-widget-image\" data-id=\"597eed9\" data-element_type=\"widget\" data-e-type=\"widget\" data-widget_type=\"image.default\">\n\t\t\t\t<div class=\"elementor-widget-container\">\n\t\t\t\t\t\t\t\t\t\t\t\t\t\t\t\t<a href=\"https:\/\/domsenioramikolow.pl\/\">\n\t\t\t\t\t\t\t<img fetchpriority=\"high\" decoding=\"async\" width=\"600\" height=\"169\" src=\"https:\/\/domsenioramikolow.pl\/wp-content\/uploads\/2025\/02\/logo-boczne-dom-seniora-2.webp\" class=\"attachment-large size-large wp-image-130\" alt=\"\" srcset=\"https:\/\/domsenioramikolow.pl\/wp-content\/uploads\/2025\/02\/logo-boczne-dom-seniora-2.webp 600w, https:\/\/domsenioramikolow.pl\/wp-content\/uploads\/2025\/02\/logo-boczne-dom-seniora-2-300x85.webp 300w\" sizes=\"(max-width: 600px) 100vw, 600px\" \/>\t\t\t\t\t\t\t\t<\/a>\n\t\t\t\t\t\t\t\t\t\t\t\t\t\t\t<\/div>\n\t\t\t\t<\/div>\n\t\t\t\t<\/div>\n\t\t<div class=\"elementor-element elementor-element-52f76e1 e-con-full e-flex e-con e-parent\" data-id=\"52f76e1\" data-element_type=\"container\" data-e-type=\"container\">\n\t\t\t\t<div class=\"elementor-element elementor-element-91676d2 elementor-widget__width-inherit elementor-widget elementor-widget-image\" data-id=\"91676d2\" data-element_type=\"widget\" data-e-type=\"widget\" data-widget_type=\"image.default\">\n\t\t\t\t<div class=\"elementor-widget-container\">\n\t\t\t\t\t\t\t\t\t\t\t\t\t\t\t<img decoding=\"async\" width=\"1766\" height=\"794\" src=\"https:\/\/domsenioramikolow.pl\/wp-content\/uploads\/2025\/02\/zdjecie-kontakt-v3-2-2025.webp\" class=\"attachment-full size-full wp-image-331\" alt=\"\" srcset=\"https:\/\/domsenioramikolow.pl\/wp-content\/uploads\/2025\/02\/zdjecie-kontakt-v3-2-2025.webp 1766w, https:\/\/domsenioramikolow.pl\/wp-content\/uploads\/2025\/02\/zdjecie-kontakt-v3-2-2025-300x135.webp 300w, https:\/\/domsenioramikolow.pl\/wp-content\/uploads\/2025\/02\/zdjecie-kontakt-v3-2-2025-1024x460.webp 1024w, https:\/\/domsenioramikolow.pl\/wp-content\/uploads\/2025\/02\/zdjecie-kontakt-v3-2-2025-768x345.webp 768w, https:\/\/domsenioramikolow.pl\/wp-content\/uploads\/2025\/02\/zdjecie-kontakt-v3-2-2025-1536x691.webp 1536w\" sizes=\"(max-width: 1766px) 100vw, 1766px\" \/>\t\t\t\t\t\t\t\t\t\t\t\t\t\t\t<\/div>\n\t\t\t\t<\/div>\n\t\t\t\t<\/div>\n\t\t<div class=\"elementor-element elementor-element-57886ac e-flex e-con-boxed e-con e-parent\" data-id=\"57886ac\" data-element_type=\"container\" data-e-type=\"container\">\n\t\t\t\t\t<div class=\"e-con-inner\">\n\t\t\t\t<div class=\"elementor-element elementor-element-8b10777 elementor-widget elementor-widget-text-editor\" data-id=\"8b10777\" data-element_type=\"widget\" data-e-type=\"widget\" data-widget_type=\"text-editor.default\">\n\t\t\t\t<div class=\"elementor-widget-container\">\n\t\t\t\t\t\t\t\t\t<p>W celu uzyskania informacji najlepiej do nas zadzwoni\u0107<\/p>\t\t\t\t\t\t\t\t<\/div>\n\t\t\t\t<\/div>\n\t\t\t\t\t<\/div>\n\t\t\t\t<\/div>\n\t\t<div class=\"elementor-element elementor-element-2c2f075 e-flex e-con-boxed e-con e-parent\" data-id=\"2c2f075\" data-element_type=\"container\" data-e-type=\"container\">\n\t\t\t\t\t<div class=\"e-con-inner\">\n\t\t\t\t<div class=\"elementor-element elementor-element-bffbf77 elementor-widget elementor-widget-text-editor\" data-id=\"bffbf77\" data-element_type=\"widget\" data-e-type=\"widget\" data-widget_type=\"text-editor.default\">\n\t\t\t\t<div class=\"elementor-widget-container\">\n\t\t\t\t\t\t\t\t\t<p style=\"color: rgb(10, 10, 10); font-size: 19px; text-align: center;\">Dom Seniora Salwator Park<\/p>\n<p style=\"color: rgb(10, 10, 10); font-size: 19px; text-align: center;\">Pl. Salwatorian\u00f3w 1,&nbsp;43-190 Miko\u0142\u00f3w<\/p>\n<p style=\"color: rgb(10, 10, 10); font-size: 19px; text-align: center;\"><br><\/p>\n<p style=\"color: rgb(10, 10, 10); font-size: 19px; text-align: center;\"><strong>RECEPCJA<\/strong>&nbsp;<\/p><p style=\"color: rgb(10, 10, 10); font-size: 19px; text-align: center;\">\u2013&nbsp;<em>podstawowe informacje<\/em>&nbsp;(<span style=\"font-weight: 700;\">codziennie&nbsp;<\/span>w godz. 08.00-18.00)<\/p>\n<p style=\"color: rgb(10, 10, 10); font-size: 19px; text-align: center;\">tel. +48 575 646 222<\/p><p style=\"color: rgb(10, 10, 10); font-size: 19px; text-align: center;\">e-mail: recepcja@salwatorpark.pl<\/p>\n<p style=\"color: rgb(10, 10, 10); font-size: 19px; text-align: center;\"><br><\/p>\n<p style=\"color: rgb(10, 10, 10); font-size: 19px; text-align: center;\"><strong>DYREKCJA<\/strong>&nbsp;<\/p><p style=\"color: rgb(10, 10, 10); font-size: 19px; text-align: center;\">\u2013 s<em>zczeg\u00f3\u0142owe informacje, umowy, spotkania<\/em>&nbsp;(pn.-pt. w godz. 07.00-15.00)<\/p>\n<p style=\"color: rgb(10, 10, 10); font-size: 19px; text-align: center;\">tel. +48 575 636 222<\/p><p style=\"color: rgb(10, 10, 10); font-size: 19px; text-align: center;\">e-mail: dyrektor@salwatorpark.pl<\/p>\t\t\t\t\t\t\t\t<\/div>\n\t\t\t\t<\/div>\n\t\t\t\t\t<\/div>\n\t\t\t\t<\/div>\n\t\t<div class=\"elementor-element elementor-element-845b4f7 e-con-full e-flex e-con e-parent\" data-id=\"845b4f7\" data-element_type=\"container\" data-e-type=\"container\">\n\t\t\t\t<div class=\"elementor-element elementor-element-42c180f elementor-widget elementor-widget-image\" data-id=\"42c180f\" data-element_type=\"widget\" data-e-type=\"widget\" data-widget_type=\"image.default\">\n\t\t\t\t<div class=\"elementor-widget-container\">\n\t\t\t\t\t\t\t\t\t\t\t\t\t\t\t<img decoding=\"async\" width=\"768\" height=\"380\" src=\"https:\/\/domsenioramikolow.pl\/wp-content\/uploads\/2025\/02\/mapa-1-768x380.jpg\" class=\"attachment-medium_large size-medium_large wp-image-264\" alt=\"\" srcset=\"https:\/\/domsenioramikolow.pl\/wp-content\/uploads\/2025\/02\/mapa-1-768x380.jpg 768w, https:\/\/domsenioramikolow.pl\/wp-content\/uploads\/2025\/02\/mapa-1-300x149.jpg 300w, https:\/\/domsenioramikolow.pl\/wp-content\/uploads\/2025\/02\/mapa-1-1024x507.jpg 1024w, https:\/\/domsenioramikolow.pl\/wp-content\/uploads\/2025\/02\/mapa-1.jpg 1068w\" sizes=\"(max-width: 768px) 100vw, 768px\" \/>\t\t\t\t\t\t\t\t\t\t\t\t\t\t\t<\/div>\n\t\t\t\t<\/div>\n\t\t\t\t<\/div>\n\t\t\t\t<\/div>\n\t\t","protected":false},"excerpt":{"rendered":"<p>W celu uzyskania informacji najlepiej do nas zadzwoni\u0107 Dom Seniora Salwator Park Pl. Salwatorian\u00f3w 1,&nbsp;43-190 Miko\u0142\u00f3w RECEPCJA&nbsp; \u2013&nbsp;podstawowe informacje&nbsp;(codziennie&nbsp;w godz. 08.00-18.00) tel. +48 575 646 222 e-mail: recepcja@salwatorpark.pl DYREKCJA&nbsp; \u2013 szczeg\u00f3\u0142owe informacje, umowy, spotkania&nbsp;(pn.-pt. w godz. 07.00-15.00) tel. +48 575 636 222 e-mail: dyrektor@salwatorpark.pl<\/p>\n","protected":false},"author":1,"featured_media":0,"parent":0,"menu_order":2,"comment_status":"closed","ping_status":"closed","template":"page-templates\/template-pagebuilder-full-width.php","meta":{"neve_meta_sidebar":"","neve_meta_container":"","neve_meta_enable_content_width":"","neve_meta_content_width":0,"neve_meta_title_alignment":"","neve_meta_author_avatar":"","neve_post_elements_order":"","neve_meta_disable_header":"","neve_meta_disable_footer":"","neve_meta_disable_title":"","footnotes":""},"class_list":["post-52","page","type-page","status-publish","hentry"],"_links":{"self":[{"href":"https:\/\/domsenioramikolow.pl\/index.php?rest_route=\/wp\/v2\/pages\/52","targetHints":{"allow":["GET"]}}],"collection":[{"href":"https:\/\/domsenioramikolow.pl\/index.php?rest_route=\/wp\/v2\/pages"}],"about":[{"href":"https:\/\/domsenioramikolow.pl\/index.php?rest_route=\/wp\/v2\/types\/page"}],"author":[{"embeddable":true,"href":"https:\/\/domsenioramikolow.pl\/index.php?rest_route=\/wp\/v2\/users\/1"}],"replies":[{"embeddable":true,"href":"https:\/\/domsenioramikolow.pl\/index.php?rest_route=%2Fwp%2Fv2%2Fcomments&post=52"}],"version-history":[{"count":101,"href":"https:\/\/domsenioramikolow.pl\/index.php?rest_route=\/wp\/v2\/pages\/52\/revisions"}],"predecessor-version":[{"id":467,"href":"https:\/\/domsenioramikolow.pl\/index.php?rest_route=\/wp\/v2\/pages\/52\/revisions\/467"}],"wp:attachment":[{"href":"https:\/\/domsenioramikolow.pl\/index.php?rest_route=%2Fwp%2Fv2%2Fmedia&parent=52"}],"curies":[{"name":"wp","href":"https:\/\/api.w.org\/{rel}","templated":true}]}}