{"id":8,"date":"2023-09-16T14:47:03","date_gmt":"2023-09-16T12:47:03","guid":{"rendered":"http:\/\/domsenioramikolow.pl\/?page_id=8"},"modified":"2026-03-09T14:51:27","modified_gmt":"2026-03-09T13:51:27","slug":"strona-glowna","status":"publish","type":"page","link":"https:\/\/domsenioramikolow.pl\/","title":{"rendered":"HOME"},"content":{"rendered":"\t\t<div data-elementor-type=\"wp-page\" data-elementor-id=\"8\" class=\"elementor elementor-8\">\n\t\t\t\t<div class=\"elementor-element elementor-element-eab919b e-flex e-con-boxed e-con e-parent\" data-id=\"eab919b\" data-element_type=\"container\" data-e-type=\"container\">\n\t\t\t\t\t<div class=\"e-con-inner\">\n\t\t\t\t<div class=\"elementor-element elementor-element-a64b74e elementor-widget__width-auto elementor-widget elementor-widget-image\" data-id=\"a64b74e\" data-element_type=\"widget\" data-e-type=\"widget\" data-widget_type=\"image.default\">\n\t\t\t\t<div class=\"elementor-widget-container\">\n\t\t\t\t\t\t\t\t\t\t\t\t\t\t\t\t<a href=\"https:\/\/domsenioramikolow.pl\/\">\n\t\t\t\t\t\t\t<img fetchpriority=\"high\" decoding=\"async\" width=\"600\" height=\"169\" src=\"https:\/\/domsenioramikolow.pl\/wp-content\/uploads\/2025\/02\/logo-boczne-dom-seniora-2.webp\" class=\"attachment-large size-large wp-image-130\" alt=\"\" srcset=\"https:\/\/domsenioramikolow.pl\/wp-content\/uploads\/2025\/02\/logo-boczne-dom-seniora-2.webp 600w, https:\/\/domsenioramikolow.pl\/wp-content\/uploads\/2025\/02\/logo-boczne-dom-seniora-2-300x85.webp 300w\" sizes=\"(max-width: 600px) 100vw, 600px\" \/>\t\t\t\t\t\t\t\t<\/a>\n\t\t\t\t\t\t\t\t\t\t\t\t\t\t\t<\/div>\n\t\t\t\t<\/div>\n\t\t\t\t\t<\/div>\n\t\t\t\t<\/div>\n\t\t<div class=\"elementor-element elementor-element-3824383 e-con-full e-flex e-con e-parent\" data-id=\"3824383\" data-element_type=\"container\" data-e-type=\"container\">\n\t\t\t\t<div class=\"elementor-element elementor-element-a25d8d8 elementor-widget__width-inherit elementor-widget elementor-widget-image\" data-id=\"a25d8d8\" data-element_type=\"widget\" data-e-type=\"widget\" data-widget_type=\"image.default\">\n\t\t\t\t<div class=\"elementor-widget-container\">\n\t\t\t\t\t\t\t\t\t\t\t\t\t\t\t<img decoding=\"async\" width=\"1600\" height=\"653\" src=\"https:\/\/domsenioramikolow.pl\/wp-content\/uploads\/2025\/02\/zdjecie-glowne-robocze-v1-2025-e1739024815821.webp\" class=\"attachment-full size-full wp-image-113\" alt=\"\" srcset=\"https:\/\/domsenioramikolow.pl\/wp-content\/uploads\/2025\/02\/zdjecie-glowne-robocze-v1-2025-e1739024815821.webp 1600w, https:\/\/domsenioramikolow.pl\/wp-content\/uploads\/2025\/02\/zdjecie-glowne-robocze-v1-2025-e1739024815821-300x122.webp 300w, https:\/\/domsenioramikolow.pl\/wp-content\/uploads\/2025\/02\/zdjecie-glowne-robocze-v1-2025-e1739024815821-1024x418.webp 1024w, https:\/\/domsenioramikolow.pl\/wp-content\/uploads\/2025\/02\/zdjecie-glowne-robocze-v1-2025-e1739024815821-768x313.webp 768w, https:\/\/domsenioramikolow.pl\/wp-content\/uploads\/2025\/02\/zdjecie-glowne-robocze-v1-2025-e1739024815821-1536x627.webp 1536w\" sizes=\"(max-width: 1600px) 100vw, 1600px\" \/>\t\t\t\t\t\t\t\t\t\t\t\t\t\t\t<\/div>\n\t\t\t\t<\/div>\n\t\t\t\t<\/div>\n\t\t<div class=\"elementor-element elementor-element-ac97d5e e-flex e-con-boxed e-con e-parent\" data-id=\"ac97d5e\" data-element_type=\"container\" data-e-type=\"container\">\n\t\t\t\t\t<div class=\"e-con-inner\">\n\t\t\t\t<div class=\"elementor-element elementor-element-ba8023c elementor-widget elementor-widget-heading\" data-id=\"ba8023c\" data-element_type=\"widget\" data-e-type=\"widget\" data-widget_type=\"heading.default\">\n\t\t\t\t<div class=\"elementor-widget-container\">\n\t\t\t\t\t<h1 class=\"elementor-heading-title elementor-size-default\">Nasi Mieszka\u0144cy cz\u0119sto my\u015bl\u0105 o swoim rodzinnym domu. My robimy du\u017co, aby u nas czuli si\u0119 JAK NAJBARDZIEJ W DOMU.<\/h1>\t\t\t\t<\/div>\n\t\t\t\t<\/div>\n\t\t\t\t\t<\/div>\n\t\t\t\t<\/div>\n\t\t<div class=\"elementor-element elementor-element-1a12b93 e-con-full e-flex e-con e-parent\" data-id=\"1a12b93\" data-element_type=\"container\" data-e-type=\"container\">\n\t\t\t\t<div class=\"elementor-element elementor-element-c64f4f7 elementor-widget elementor-widget-text-editor\" data-id=\"c64f4f7\" data-element_type=\"widget\" data-e-type=\"widget\" data-widget_type=\"text-editor.default\">\n\t\t\t\t<div class=\"elementor-widget-container\">\n\t\t\t\t\t\t\t\t\t<p><span style=\"color: #000000;\">DOM to: bezpiecze\u0144stwo, ciep\u0142o, szacunek, wzajemna troska i miejsce realizacji pasji. Wiemy, \u017ce te potrzeby naszych Mieszka\u0144c\u00f3w musimy zaspokoi\u0107 w jak najwi\u0119kszym stopniu. Wyr\u00f3\u017cnieniem i powodem do wzruszenia s\u0105 dla nas s\u0142owa \u201eczuj\u0119 si\u0119 tutaj dobrze\u201d. S\u0142yszeli\u015bmy je ju\u017c wiele razy.\u00a0<\/span><\/p><p><span style=\"color: #000000;\">Od 10 lat odpowiadamy na potrzeby Rodzin, kt\u00f3re \u2013 mimo wszelkich stara\u0144 \u2013 nie s\u0105 w stanie zapewni\u0107 w\u0142a\u015bciwej opieki swoim Bliskim w warunkach domowych. Nie zast\u0105pimy najbli\u017cszych, ale chcemy stawa\u0107 si\u0119 bliscy.<\/span><\/p>\t\t\t\t\t\t\t\t<\/div>\n\t\t\t\t<\/div>\n\t\t\t\t<\/div>\n\t\t<div class=\"elementor-element elementor-element-420d735 e-con-full e-flex e-con e-parent\" data-id=\"420d735\" data-element_type=\"container\" data-e-type=\"container\">\n\t\t<div class=\"elementor-element elementor-element-0335bd3 e-con-full e-flex e-con e-child\" data-id=\"0335bd3\" data-element_type=\"container\" data-e-type=\"container\">\n\t\t\t\t<div class=\"elementor-element elementor-element-b52f9fc elementor-widget elementor-widget-image\" data-id=\"b52f9fc\" data-element_type=\"widget\" data-e-type=\"widget\" data-widget_type=\"image.default\">\n\t\t\t\t<div class=\"elementor-widget-container\">\n\t\t\t\t\t\t\t\t\t\t\t\t\t\t\t<img decoding=\"async\" width=\"786\" height=\"158\" src=\"https:\/\/domsenioramikolow.pl\/wp-content\/uploads\/2025\/02\/buttony-bezpieczenstwo.jpg\" class=\"attachment-large size-large wp-image-160\" alt=\"\" srcset=\"https:\/\/domsenioramikolow.pl\/wp-content\/uploads\/2025\/02\/buttony-bezpieczenstwo.jpg 786w, https:\/\/domsenioramikolow.pl\/wp-content\/uploads\/2025\/02\/buttony-bezpieczenstwo-300x60.jpg 300w, https:\/\/domsenioramikolow.pl\/wp-content\/uploads\/2025\/02\/buttony-bezpieczenstwo-768x154.jpg 768w\" sizes=\"(max-width: 786px) 100vw, 786px\" \/>\t\t\t\t\t\t\t\t\t\t\t\t\t\t\t<\/div>\n\t\t\t\t<\/div>\n\t\t\t\t<div class=\"elementor-element elementor-element-e994035 elementor-widget elementor-widget-text-editor\" data-id=\"e994035\" data-element_type=\"widget\" data-e-type=\"widget\" data-widget_type=\"text-editor.default\">\n\t\t\t\t<div class=\"elementor-widget-container\">\n\t\t\t\t\t\t\t\t\t<p>Zapewniamy przez sta\u0142\u0105 obecno\u015b\u0107 optymalnej liczby personelu medycznego i opieku\u0144czego, system przywo\u0142awczy, wyeliminowanie barier architektonicznych, specjalistyczne \u0142\u00f3\u017cka i sprz\u0119t do poruszania si\u0119, system kontroli wyj\u015bcia i zachowywanie przepis\u00f3w sanitarnych.<\/p>\t\t\t\t\t\t\t\t<\/div>\n\t\t\t\t<\/div>\n\t\t\t\t<\/div>\n\t\t<div class=\"elementor-element elementor-element-97336ba e-con-full e-flex e-con e-child\" data-id=\"97336ba\" data-element_type=\"container\" data-e-type=\"container\">\n\t\t\t\t<div class=\"elementor-element elementor-element-7540aac elementor-widget elementor-widget-image\" data-id=\"7540aac\" data-element_type=\"widget\" data-e-type=\"widget\" data-widget_type=\"image.default\">\n\t\t\t\t<div class=\"elementor-widget-container\">\n\t\t\t\t\t\t\t\t\t\t\t\t\t\t\t<img loading=\"lazy\" decoding=\"async\" width=\"786\" height=\"158\" src=\"https:\/\/domsenioramikolow.pl\/wp-content\/uploads\/2025\/02\/buttony-szacunek.jpg\" class=\"attachment-large size-large wp-image-162\" alt=\"\" srcset=\"https:\/\/domsenioramikolow.pl\/wp-content\/uploads\/2025\/02\/buttony-szacunek.jpg 786w, https:\/\/domsenioramikolow.pl\/wp-content\/uploads\/2025\/02\/buttony-szacunek-300x60.jpg 300w, https:\/\/domsenioramikolow.pl\/wp-content\/uploads\/2025\/02\/buttony-szacunek-768x154.jpg 768w\" sizes=\"(max-width: 786px) 100vw, 786px\" \/>\t\t\t\t\t\t\t\t\t\t\t\t\t\t\t<\/div>\n\t\t\t\t<\/div>\n\t\t\t\t<div class=\"elementor-element elementor-element-0b7d478 elementor-widget elementor-widget-text-editor\" data-id=\"0b7d478\" data-element_type=\"widget\" data-e-type=\"widget\" data-widget_type=\"text-editor.default\">\n\t\t\t\t<div class=\"elementor-widget-container\">\n\t\t\t\t\t\t\t\t\t<p>Podkre\u015blamy warto\u015b\u0107 i godno\u015b\u0107 ka\u017cdej osoby, zw\u0142aszcza tych, kt\u00f3rzy cierpi\u0105 z powodu schorze\u0144 odbieraj\u0105cych \u015bwiadomo\u015b\u0107 w\u0142asnej to\u017csamo\u015bci. Uroczycie celebrujemy te\u017c urodziny i wa\u017cne chwile.<\/p>\t\t\t\t\t\t\t\t<\/div>\n\t\t\t\t<\/div>\n\t\t\t\t<\/div>\n\t\t<div class=\"elementor-element elementor-element-5adc199 e-con-full e-flex e-con e-child\" data-id=\"5adc199\" data-element_type=\"container\" data-e-type=\"container\">\n\t\t\t\t<div class=\"elementor-element elementor-element-6b7af96 elementor-widget elementor-widget-image\" data-id=\"6b7af96\" data-element_type=\"widget\" data-e-type=\"widget\" data-widget_type=\"image.default\">\n\t\t\t\t<div class=\"elementor-widget-container\">\n\t\t\t\t\t\t\t\t\t\t\t\t\t\t\t<img loading=\"lazy\" decoding=\"async\" width=\"786\" height=\"158\" src=\"https:\/\/domsenioramikolow.pl\/wp-content\/uploads\/2025\/02\/buttony-troska.jpg\" class=\"attachment-large size-large wp-image-161\" alt=\"\" srcset=\"https:\/\/domsenioramikolow.pl\/wp-content\/uploads\/2025\/02\/buttony-troska.jpg 786w, https:\/\/domsenioramikolow.pl\/wp-content\/uploads\/2025\/02\/buttony-troska-300x60.jpg 300w, https:\/\/domsenioramikolow.pl\/wp-content\/uploads\/2025\/02\/buttony-troska-768x154.jpg 768w\" sizes=\"(max-width: 786px) 100vw, 786px\" \/>\t\t\t\t\t\t\t\t\t\t\t\t\t\t\t<\/div>\n\t\t\t\t<\/div>\n\t\t\t\t<div class=\"elementor-element elementor-element-f1d8b61 elementor-widget elementor-widget-text-editor\" data-id=\"f1d8b61\" data-element_type=\"widget\" data-e-type=\"widget\" data-widget_type=\"text-editor.default\">\n\t\t\t\t<div class=\"elementor-widget-container\">\n\t\t\t\t\t\t\t\t\t<p>Wszystkie dzia\u0142ania naszego zespo\u0142u motywowane s\u0105 trosk\u0105 o dobrostan i komfort Mieszka\u0144c\u00f3w. Zwracamy uwag\u0119 nie tylko na ich uniwersalne potrzeby \u017cyciowe, ale staramy si\u0119 dostrzega\u0107 te indywidualne. Z rado\u015bci\u0105 patrzymy na przejawy wzajemnej troski Mieszka\u0144c\u00f3w o siebie.<\/p>\t\t\t\t\t\t\t\t<\/div>\n\t\t\t\t<\/div>\n\t\t\t\t<\/div>\n\t\t<div class=\"elementor-element elementor-element-176c63b e-con-full e-flex e-con e-child\" data-id=\"176c63b\" data-element_type=\"container\" data-e-type=\"container\">\n\t\t\t\t<div class=\"elementor-element elementor-element-d9e062d elementor-widget elementor-widget-image\" data-id=\"d9e062d\" data-element_type=\"widget\" data-e-type=\"widget\" data-widget_type=\"image.default\">\n\t\t\t\t<div class=\"elementor-widget-container\">\n\t\t\t\t\t\t\t\t\t\t\t\t\t\t\t<img loading=\"lazy\" decoding=\"async\" width=\"786\" height=\"158\" src=\"https:\/\/domsenioramikolow.pl\/wp-content\/uploads\/2025\/02\/buttony-rozwoj.jpg\" class=\"attachment-large size-large wp-image-163\" alt=\"\" srcset=\"https:\/\/domsenioramikolow.pl\/wp-content\/uploads\/2025\/02\/buttony-rozwoj.jpg 786w, https:\/\/domsenioramikolow.pl\/wp-content\/uploads\/2025\/02\/buttony-rozwoj-300x60.jpg 300w, https:\/\/domsenioramikolow.pl\/wp-content\/uploads\/2025\/02\/buttony-rozwoj-768x154.jpg 768w\" sizes=\"(max-width: 786px) 100vw, 786px\" \/>\t\t\t\t\t\t\t\t\t\t\t\t\t\t\t<\/div>\n\t\t\t\t<\/div>\n\t\t\t\t<div class=\"elementor-element elementor-element-c697e21 elementor-widget elementor-widget-text-editor\" data-id=\"c697e21\" data-element_type=\"widget\" data-e-type=\"widget\" data-widget_type=\"text-editor.default\">\n\t\t\t\t<div class=\"elementor-widget-container\">\n\t\t\t\t\t\t\t\t\t<p>Terapia zaj\u0119ciowa, wydarzenia kulturalne i rozrywkowe, maj\u0105 na celu ci\u0105g\u0142e aktywizowanie i urozmaicanie codzienno\u015bci. Przez profesjonaln\u0105 fizjoterapi\u0119 pomagamy zachowywa\u0107 kondycj\u0119 fizyczn\u0105 lub powraca\u0107 do formy po urazach i operacjach.<\/p>\t\t\t\t\t\t\t\t<\/div>\n\t\t\t\t<\/div>\n\t\t\t\t<\/div>\n\t\t\t\t<\/div>\n\t\t<div class=\"elementor-element elementor-element-7bea596 e-con-full e-flex e-con e-parent\" data-id=\"7bea596\" data-element_type=\"container\" data-e-type=\"container\">\n\t\t<div class=\"elementor-element elementor-element-89bcaff e-con-full e-flex e-con e-child\" data-id=\"89bcaff\" data-element_type=\"container\" data-e-type=\"container\">\n\t\t\t\t<div class=\"elementor-element elementor-element-de4256c elementor-widget elementor-widget-image\" data-id=\"de4256c\" data-element_type=\"widget\" data-e-type=\"widget\" data-widget_type=\"image.default\">\n\t\t\t\t<div class=\"elementor-widget-container\">\n\t\t\t\t\t\t\t\t\t\t\t\t\t\t\t<img loading=\"lazy\" decoding=\"async\" width=\"1024\" height=\"682\" src=\"https:\/\/domsenioramikolow.pl\/wp-content\/uploads\/2025\/02\/1-_6_-1024x682.webp\" class=\"attachment-large size-large wp-image-268\" alt=\"\" srcset=\"https:\/\/domsenioramikolow.pl\/wp-content\/uploads\/2025\/02\/1-_6_-1024x682.webp 1024w, https:\/\/domsenioramikolow.pl\/wp-content\/uploads\/2025\/02\/1-_6_-300x200.webp 300w, https:\/\/domsenioramikolow.pl\/wp-content\/uploads\/2025\/02\/1-_6_-768x512.webp 768w, https:\/\/domsenioramikolow.pl\/wp-content\/uploads\/2025\/02\/1-_6_-930x620.webp 930w, https:\/\/domsenioramikolow.pl\/wp-content\/uploads\/2025\/02\/1-_6_.webp 1280w\" sizes=\"(max-width: 1024px) 100vw, 1024px\" \/>\t\t\t\t\t\t\t\t\t\t\t\t\t\t\t<\/div>\n\t\t\t\t<\/div>\n\t\t\t\t<\/div>\n\t\t<div class=\"elementor-element elementor-element-576ec94 e-con-full e-flex e-con e-child\" data-id=\"576ec94\" data-element_type=\"container\" data-e-type=\"container\">\n\t\t\t\t<div class=\"elementor-element elementor-element-10323cc elementor-widget elementor-widget-image\" data-id=\"10323cc\" data-element_type=\"widget\" data-e-type=\"widget\" data-widget_type=\"image.default\">\n\t\t\t\t<div class=\"elementor-widget-container\">\n\t\t\t\t\t\t\t\t\t\t\t\t\t\t\t<img loading=\"lazy\" decoding=\"async\" width=\"1024\" height=\"682\" src=\"https:\/\/domsenioramikolow.pl\/wp-content\/uploads\/2025\/02\/1-_9_-1024x682.webp\" class=\"attachment-large size-large wp-image-269\" alt=\"\" srcset=\"https:\/\/domsenioramikolow.pl\/wp-content\/uploads\/2025\/02\/1-_9_-1024x682.webp 1024w, https:\/\/domsenioramikolow.pl\/wp-content\/uploads\/2025\/02\/1-_9_-300x200.webp 300w, https:\/\/domsenioramikolow.pl\/wp-content\/uploads\/2025\/02\/1-_9_-768x512.webp 768w, https:\/\/domsenioramikolow.pl\/wp-content\/uploads\/2025\/02\/1-_9_-930x620.webp 930w, https:\/\/domsenioramikolow.pl\/wp-content\/uploads\/2025\/02\/1-_9_.webp 1280w\" sizes=\"(max-width: 1024px) 100vw, 1024px\" \/>\t\t\t\t\t\t\t\t\t\t\t\t\t\t\t<\/div>\n\t\t\t\t<\/div>\n\t\t\t\t<\/div>\n\t\t<div class=\"elementor-element elementor-element-6bc1236 e-con-full e-flex e-con e-child\" data-id=\"6bc1236\" data-element_type=\"container\" data-e-type=\"container\">\n\t\t\t\t<div class=\"elementor-element elementor-element-e959608 elementor-widget elementor-widget-image\" data-id=\"e959608\" data-element_type=\"widget\" data-e-type=\"widget\" data-widget_type=\"image.default\">\n\t\t\t\t<div class=\"elementor-widget-container\">\n\t\t\t\t\t\t\t\t\t\t\t\t\t\t\t<img loading=\"lazy\" decoding=\"async\" width=\"1024\" height=\"683\" src=\"https:\/\/domsenioramikolow.pl\/wp-content\/uploads\/2025\/02\/1-_5_-1024x683.webp\" class=\"attachment-large size-large wp-image-270\" alt=\"\" srcset=\"https:\/\/domsenioramikolow.pl\/wp-content\/uploads\/2025\/02\/1-_5_-1024x683.webp 1024w, https:\/\/domsenioramikolow.pl\/wp-content\/uploads\/2025\/02\/1-_5_-300x200.webp 300w, https:\/\/domsenioramikolow.pl\/wp-content\/uploads\/2025\/02\/1-_5_-768x512.webp 768w, https:\/\/domsenioramikolow.pl\/wp-content\/uploads\/2025\/02\/1-_5_-930x620.webp 930w, https:\/\/domsenioramikolow.pl\/wp-content\/uploads\/2025\/02\/1-_5_.webp 1280w\" sizes=\"(max-width: 1024px) 100vw, 1024px\" \/>\t\t\t\t\t\t\t\t\t\t\t\t\t\t\t<\/div>\n\t\t\t\t<\/div>\n\t\t\t\t<\/div>\n\t\t<div class=\"elementor-element elementor-element-ad5ee72 e-con-full e-flex e-con e-child\" data-id=\"ad5ee72\" data-element_type=\"container\" data-e-type=\"container\">\n\t\t\t\t<div class=\"elementor-element elementor-element-5771f5b elementor-widget elementor-widget-image\" data-id=\"5771f5b\" data-element_type=\"widget\" data-e-type=\"widget\" data-widget_type=\"image.default\">\n\t\t\t\t<div class=\"elementor-widget-container\">\n\t\t\t\t\t\t\t\t\t\t\t\t\t\t\t<img loading=\"lazy\" decoding=\"async\" width=\"1024\" height=\"682\" src=\"https:\/\/domsenioramikolow.pl\/wp-content\/uploads\/2025\/02\/1-_7-1024x682.webp\" class=\"attachment-large size-large wp-image-273\" alt=\"\" srcset=\"https:\/\/domsenioramikolow.pl\/wp-content\/uploads\/2025\/02\/1-_7-1024x682.webp 1024w, https:\/\/domsenioramikolow.pl\/wp-content\/uploads\/2025\/02\/1-_7-300x200.webp 300w, https:\/\/domsenioramikolow.pl\/wp-content\/uploads\/2025\/02\/1-_7-768x512.webp 768w, https:\/\/domsenioramikolow.pl\/wp-content\/uploads\/2025\/02\/1-_7-930x620.webp 930w, https:\/\/domsenioramikolow.pl\/wp-content\/uploads\/2025\/02\/1-_7.webp 1280w\" sizes=\"(max-width: 1024px) 100vw, 1024px\" \/>\t\t\t\t\t\t\t\t\t\t\t\t\t\t\t<\/div>\n\t\t\t\t<\/div>\n\t\t\t\t<\/div>\n\t\t\t\t<\/div>\n\t\t<div class=\"elementor-element elementor-element-4c03b69 e-con-full e-flex e-con e-parent\" data-id=\"4c03b69\" data-element_type=\"container\" data-e-type=\"container\">\n\t\t\t\t<div class=\"elementor-element elementor-element-1b45ae9 elementor-widget elementor-widget-heading\" data-id=\"1b45ae9\" data-element_type=\"widget\" data-e-type=\"widget\" data-widget_type=\"heading.default\">\n\t\t\t\t<div class=\"elementor-widget-container\">\n\t\t\t\t\t<h2 class=\"elementor-heading-title elementor-size-default\">co oferujemy?<\/h2>\t\t\t\t<\/div>\n\t\t\t\t<\/div>\n\t\t\t\t<\/div>\n\t\t<div class=\"elementor-element elementor-element-a92e0a6 e-con-full e-flex e-con e-parent\" data-id=\"a92e0a6\" data-element_type=\"container\" data-e-type=\"container\">\n\t\t\t\t<div class=\"elementor-element elementor-element-79abe0f elementor-widget elementor-widget-text-editor\" data-id=\"79abe0f\" data-element_type=\"widget\" data-e-type=\"widget\" data-widget_type=\"text-editor.default\">\n\t\t\t\t<div class=\"elementor-widget-container\">\n\t\t\t\t\t\t\t\t\t<p>dom Seniora Salwator Park zapewnia stacjonarn\u0105 ca\u0142odobow\u0105 opiek\u0119 nad osobami starszymi cierpi\u0105cymi na przewlek\u0142e schorzenia zwi\u0105zane z wiekiem lub r\u00f3\u017cnego rodzaju niepe\u0142nosprawno\u015bci. <br \/>Od 10 lat odpowiadamy na potrzeby Rodzin, kt\u00f3re \u2013 mimo wszelkich stara\u0144 \u2013 nie s\u0105 w stanie zapewni\u0107 w\u0142a\u015bciwej opieki swoim Bliskim w warunkach domowych. Cz\u0119sto nag\u0142e pogorszenie si\u0119 stanu zdrowia lub r\u00f3\u017cnego rodzaju epizody (neurologiczne, ortopedyczne lub kardiologiczne) wymagaj\u0105 wdro\u017cenia profesjonalnej opieki, zw\u0142aszcza po zako\u0144czeniu leczenia szpitalnego. Jeste\u015bmy otwarci na osoby do\u015bwiadczone chorobami demencyjnymi. <br \/>Nie dzielimy mieszka\u0144c\u00f3w na kategorie, od kt\u00f3rych uzale\u017cniamy op\u0142at\u0119 za pobyt. <br \/>W zakresie naszych us\u0142ug znajduj\u0105 si\u0119: ca\u0142odobowa opieka piel\u0119gniarek i profesjonalnych opiekun\u00f3w pod nadzorem lekarza internisty, gimnastyka ruchowa i przy\u0142\u00f3\u017ckowa prowadzona przez fizjoterapeut\u00f3w, zaj\u0119cia manualne, artystyczne, towarzyskie i kulturalne, podstawowe \u015brodki higieny i opatrunkowe, pranie odzie\u017cy osobistej. Istnieje mo\u017cliwo\u015b\u0107 wykupienia dodatkowego pakietu rehabilitacyjnego realizowanego we w\u0142asnej nowocze\u015bnie wyposa\u017conej plac\u00f3wce.<br \/>Ca\u0142odzienne wy\u017cywienie zapewnia w\u0142asna kuchnia. Odwiedzaj\u0105cy mog\u0105 mi\u0142o sp\u0119dzi\u0107 czas w naszej restauracji, gdzie serwujemy smaczne dania z karty menu.<br \/>Dysponujemy pokojami 1, 2 i 3 osobowymi z \u0142azienkami. <br \/>Po\u0142o\u017cenie naszego Domu zapewnia spok\u00f3j i blisko\u015b\u0107 przyrody. Brak barier architektonicznych daje bezpiecze\u0144stwo i umo\u017cliwia korzystanie z ca\u0142ego obiektu i otoczenia.<br \/>Bardzo wa\u017cnym miejscem w naszym domu jest kaplica, gdzie codziennie sprawowana jest Eucharystia i nabo\u017ce\u0144stwa. Mieszka\u0144cy ciesz\u0105 si\u0119 ze sta\u0142ej obecno\u015bci kap\u0142an\u00f3w. Swobodnie mog\u0105 si\u0119 czu\u0107 u nas osoby o r\u00f3\u017cnych pogl\u0105dach religijnych.<br \/>Lokalizacja jest dogodna dla mieszka\u0144c\u00f3w \u015al\u0105ska i s\u0105siednich region\u00f3w (Katowice, Gliwice, Tychy, Sosnowiec, Zabrze, Bielsko-Bia\u0142a, Ruda \u015al\u0105ska, D\u0105browa G\u00f3rnicza, Chorz\u00f3w, Jaworzno, Krak\u00f3w, Opole).<\/p>\t\t\t\t\t\t\t\t<\/div>\n\t\t\t\t<\/div>\n\t\t\t\t<\/div>\n\t\t<div class=\"elementor-element elementor-element-b38a9b9 e-flex e-con-boxed e-con e-parent\" data-id=\"b38a9b9\" data-element_type=\"container\" data-e-type=\"container\">\n\t\t\t\t\t<div class=\"e-con-inner\">\n\t\t\t\t<div class=\"elementor-element elementor-element-408b8e5 elementor-widget elementor-widget-heading\" data-id=\"408b8e5\" data-element_type=\"widget\" data-e-type=\"widget\" data-widget_type=\"heading.default\">\n\t\t\t\t<div class=\"elementor-widget-container\">\n\t\t\t\t\t<h1 class=\"elementor-heading-title elementor-size-default\">zadzwo\u0144 +48 575646222<br>  <span style=\"font-size: 17px;font-weight: 500\">&nbsp;<\/span><\/h1>\t\t\t\t<\/div>\n\t\t\t\t<\/div>\n\t\t\t\t\t<\/div>\n\t\t\t\t<\/div>\n\t\t\t\t<\/div>\n\t\t","protected":false},"excerpt":{"rendered":"<p>Nasi Mieszka\u0144cy cz\u0119sto my\u015bl\u0105 o swoim rodzinnym domu. My robimy du\u017co, aby u nas czuli si\u0119 JAK NAJBARDZIEJ W DOMU. DOM to: bezpiecze\u0144stwo, ciep\u0142o, szacunek, wzajemna troska i miejsce realizacji pasji. Wiemy, \u017ce te potrzeby naszych Mieszka\u0144c\u00f3w musimy zaspokoi\u0107 w jak najwi\u0119kszym stopniu. Wyr\u00f3\u017cnieniem i powodem do wzruszenia s\u0105 dla nas s\u0142owa \u201eczuj\u0119 si\u0119 tutaj&hellip;&nbsp;<a href=\"https:\/\/domsenioramikolow.pl\/\" rel=\"bookmark\">Dowiedz si\u0119 wi\u0119cej &raquo;<span class=\"screen-reader-text\">HOME<\/span><\/a><\/p>\n","protected":false},"author":1,"featured_media":0,"parent":0,"menu_order":0,"comment_status":"closed","ping_status":"closed","template":"","meta":{"neve_meta_sidebar":"","neve_meta_container":"","neve_meta_enable_content_width":"","neve_meta_content_width":0,"neve_meta_title_alignment":"","neve_meta_author_avatar":"","neve_post_elements_order":"","neve_meta_disable_header":"","neve_meta_disable_footer":"","neve_meta_disable_title":"","footnotes":""},"class_list":["post-8","page","type-page","status-publish","hentry"],"_links":{"self":[{"href":"https:\/\/domsenioramikolow.pl\/index.php?rest_route=\/wp\/v2\/pages\/8","targetHints":{"allow":["GET"]}}],"collection":[{"href":"https:\/\/domsenioramikolow.pl\/index.php?rest_route=\/wp\/v2\/pages"}],"about":[{"href":"https:\/\/domsenioramikolow.pl\/index.php?rest_route=\/wp\/v2\/types\/page"}],"author":[{"embeddable":true,"href":"https:\/\/domsenioramikolow.pl\/index.php?rest_route=\/wp\/v2\/users\/1"}],"replies":[{"embeddable":true,"href":"https:\/\/domsenioramikolow.pl\/index.php?rest_route=%2Fwp%2Fv2%2Fcomments&post=8"}],"version-history":[{"count":183,"href":"https:\/\/domsenioramikolow.pl\/index.php?rest_route=\/wp\/v2\/pages\/8\/revisions"}],"predecessor-version":[{"id":445,"href":"https:\/\/domsenioramikolow.pl\/index.php?rest_route=\/wp\/v2\/pages\/8\/revisions\/445"}],"wp:attachment":[{"href":"https:\/\/domsenioramikolow.pl\/index.php?rest_route=%2Fwp%2Fv2%2Fmedia&parent=8"}],"curies":[{"name":"wp","href":"https:\/\/api.w.org\/{rel}","templated":true}]}}